{"id":39,"date":"2015-06-15T08:41:04","date_gmt":"2015-06-15T08:41:04","guid":{"rendered":"https:\/\/old.slolux.eu\/?page_id=39"},"modified":"2025-03-21T14:03:56","modified_gmt":"2025-03-21T13:03:56","slug":"aboutus","status":"publish","type":"page","link":"https:\/\/slolux.eu\/hr\/aboutus\/","title":{"rendered":"O nama"},"content":{"rendered":"<h2 class=\"wp-block-heading\">Datum registracije:<\/h2>\n\n\n\n<ul class=\"wp-block-list\">\n<li><strong>Puno ime<\/strong>:&quot;Slovensko dru\u0161tvo u Luksemburgu, dru\u0161tvo sans but lucratif&quot;<\/li>\n\n\n\n<li><strong>Kratko ime<\/strong>: &quot;Slolux, asbl&quot;<\/li>\n\n\n\n<li><strong>Neslu\u017ebeni prijevod punog imena<\/strong>:\n<ul class=\"wp-block-list\">\n<li><strong>EN<\/strong>: \u00bbSlovensko dru\u0161tvo u Luksemburgu\u00ab<\/li>\n\n\n\n<li><strong>FR<\/strong>: &quot;Association Sloven\u00e8ne au Luxembourg&quot;<\/li>\n\n\n\n<li><strong>LUX<\/strong>: \u00bbSlovensko dru\u0161tvo u Luksemburgu\u00ab<\/li>\n<\/ul>\n<\/li>\n\n\n\n<li><strong>Vrsta organizacije<\/strong>: NVO, neprofitna organizacija<\/li>\n\n\n\n<li><strong>Dan osnivanja<\/strong>: 18.6.2015<\/li>\n\n\n\n<li><strong>Registriran na<\/strong>: 37 Rue Gaaschtbierg, 8230 Mamer, Luksemburg<\/li>\n\n\n\n<li><strong><a href=\"https:\/\/www.lbr.lu\/\" target=\"_blank\" rel=\"noopener noreferrer\">RCS<\/a> Mati\u010dni broj<\/strong>: F10431<\/li>\n\n\n\n<li><strong>matura<\/strong>: 2015 61 01991<\/li>\n\n\n\n<li><strong>PDV broj<\/strong>: Nije dodijeljeno; ne pla\u0107amo PDV<\/li>\n<\/ul>\n\n\n\n<h2 class=\"wp-block-heading\">Dru\u0161tveni mediji:<\/h2>\n\n\n\n<ul class=\"wp-block-list\">\n<li><strong>FB stranica<\/strong>:\u00a0<a href=\"https:\/\/www.facebook.com\/slovenia.lu\/\" target=\"_blank\" rel=\"noreferrer noopener\">FB\/slovenia.lu\/<\/a><\/li>\n\n\n\n<li><strong>FB grupa:&nbsp;<\/strong><a href=\"https:\/\/www.facebook.com\/groups\/Slolux\/\" target=\"_blank\" rel=\"noopener noreferrer\">FB\/grupe\/Slolux\/<\/a><\/li>\n\n\n\n<li><strong>Instagram:<\/strong> <a href=\"https:\/\/www.instagram.com\/slovenia_in_luxembourg\" target=\"_blank\" rel=\"noreferrer noopener\">IG\/slovenija_u_luksemburgu<\/a><\/li>\n\n\n\n<li><strong>Cvrkut:&nbsp;<\/strong><a href=\"https:\/\/twitter.com\/SLOLUXeu\" target=\"_blank\" rel=\"noopener noreferrer\">twitter.com\/SLOLUXeu<\/a><\/li>\n<\/ul>\n\n\n\n<h2 class=\"wp-block-heading\">Operativni kontakt:<\/h2>\n\n\n\n<ul class=\"wp-block-list\">\n<li><strong>Emil Kos, predsjednik &amp; Events Manager<\/strong> (Mob, WhatsApp, Viber): +386 68 639 007, email: <a href=\"mailto:emil.kos@slolux.eu\" target=\"_blank\" rel=\"noopener\">emil.kos@slolux.eu<\/a>)<\/li>\n<\/ul>\n\n\n\n<h2 class=\"wp-block-heading\">Bankovni ra\u010dun:<\/h2>\n\n\n\n<ul class=\"wp-block-list\">\n<li><strong>Banka<\/strong>: Post Luxembourg<\/li>\n\n\n\n<li><strong>IBAN<\/strong>: LU71 1111 7037 8550 0000<\/li>\n\n\n\n<li><b>SWIFT BIC<\/b>: CCPLLULL<\/li>\n<\/ul>\n\n\n\n<p><\/p>","protected":false},"excerpt":{"rendered":"<p>Podaci za registraciju: Dru\u0161tvene mre\u017ee: Operativni kontakt: Bankovni ra\u010dun:<\/p>","protected":false},"author":2,"featured_media":0,"parent":0,"menu_order":0,"comment_status":"closed","ping_status":"open","template":"","meta":{"site-sidebar-layout":"default","site-content-layout":"","ast-site-content-layout":"","site-content-style":"default","site-sidebar-style":"default","ast-global-header-display":"","ast-banner-title-visibility":"","ast-main-header-display":"","ast-hfb-above-header-display":"","ast-hfb-below-header-display":"","ast-hfb-mobile-header-display":"","site-post-title":"","ast-breadcrumbs-content":"","ast-featured-img":"","footer-sml-layout":"","theme-transparent-header-meta":"","adv-header-id-meta":"","stick-header-meta":"","header-above-stick-meta":"","header-main-stick-meta":"","header-below-stick-meta":"","astra-migrate-meta-layouts":"default","ast-page-background-enabled":"default","ast-page-background-meta":{"desktop":{"background-color":"var(--ast-global-color-4)","background-image":"","background-repeat":"repeat","background-position":"center center","background-size":"auto","background-attachment":"scroll","background-type":"","background-media":"","overlay-type":"","overlay-color":"","overlay-opacity":"","overlay-gradient":""},"tablet":{"background-color":"","background-image":"","background-repeat":"repeat","background-position":"center center","background-size":"auto","background-attachment":"scroll","background-type":"","background-media":"","overlay-type":"","overlay-color":"","overlay-opacity":"","overlay-gradient":""},"mobile":{"background-color":"","background-image":"","background-repeat":"repeat","background-position":"center center","background-size":"auto","background-attachment":"scroll","background-type":"","background-media":"","overlay-type":"","overlay-color":"","overlay-opacity":"","overlay-gradient":""}},"ast-content-background-meta":{"desktop":{"background-color":"var(--ast-global-color-5)","background-image":"","background-repeat":"repeat","background-position":"center center","background-size":"auto","background-attachment":"scroll","background-type":"","background-media":"","overlay-type":"","overlay-color":"","overlay-opacity":"","overlay-gradient":""},"tablet":{"background-color":"var(--ast-global-color-5)","background-image":"","background-repeat":"repeat","background-position":"center center","background-size":"auto","background-attachment":"scroll","background-type":"","background-media":"","overlay-type":"","overlay-color":"","overlay-opacity":"","overlay-gradient":""},"mobile":{"background-color":"var(--ast-global-color-5)","background-image":"","background-repeat":"repeat","background-position":"center center","background-size":"auto","background-attachment":"scroll","background-type":"","background-media":"","overlay-type":"","overlay-color":"","overlay-opacity":"","overlay-gradient":""}},"footnotes":""},"class_list":["post-39","page","type-page","status-publish","hentry"],"yoast_head":"<!-- This site is optimized with the Yoast SEO plugin v24.5 - https:\/\/yoast.com\/wordpress\/plugins\/seo\/ -->\n<title>O nas - Slolux<\/title>\n<meta name=\"robots\" content=\"index, follow, max-snippet:-1, max-image-preview:large, max-video-preview:-1\" \/>\n<link rel=\"canonical\" href=\"https:\/\/slolux.eu\/hr\/aboutus\/\" \/>\n<meta property=\"og:locale\" content=\"hr_HR\" \/>\n<meta property=\"og:type\" content=\"article\" \/>\n<meta property=\"og:title\" content=\"O nas - Slolux\" \/>\n<meta property=\"og:description\" content=\"Registration data: Social Media: Operational contact: Bank account:\" \/>\n<meta property=\"og:url\" content=\"https:\/\/slolux.eu\/hr\/aboutus\/\" \/>\n<meta property=\"og:site_name\" content=\"Slolux\" \/>\n<meta property=\"article:modified_time\" content=\"2025-03-21T13:03:56+00:00\" \/>\n<meta property=\"og:image\" content=\"https:\/\/slolux.eu\/wp-content\/uploads\/2024\/01\/DALL\u00b7E-2024-01-23-19.20.00-Illustrate-an-iconic-scene-of-Luxembourg-featuring-the-famous-Adolphe-Bridge-a-grand-arch-Large.jpeg\" \/>\n\t<meta property=\"og:image:width\" content=\"1280\" \/>\n\t<meta property=\"og:image:height\" content=\"731\" \/>\n\t<meta property=\"og:image:type\" content=\"image\/jpeg\" \/>\n<meta name=\"twitter:card\" content=\"summary_large_image\" \/>\n<meta name=\"twitter:label1\" content=\"Est. reading time\" \/>\n\t<meta name=\"twitter:data1\" content=\"1 minute\" \/>\n<script type=\"application\/ld+json\" class=\"yoast-schema-graph\">{\"@context\":\"https:\/\/schema.org\",\"@graph\":[{\"@type\":\"WebPage\",\"@id\":\"https:\/\/slolux.eu\/aboutus\/\",\"url\":\"https:\/\/slolux.eu\/aboutus\/\",\"name\":\"O nas - Slolux\",\"isPartOf\":{\"@id\":\"https:\/\/slolux.eu\/#website\"},\"datePublished\":\"2015-06-15T08:41:04+00:00\",\"dateModified\":\"2025-03-21T13:03:56+00:00\",\"breadcrumb\":{\"@id\":\"https:\/\/slolux.eu\/aboutus\/#breadcrumb\"},\"inLanguage\":\"hr-HR\",\"potentialAction\":[{\"@type\":\"ReadAction\",\"target\":[\"https:\/\/slolux.eu\/aboutus\/\"]}]},{\"@type\":\"BreadcrumbList\",\"@id\":\"https:\/\/slolux.eu\/aboutus\/#breadcrumb\",\"itemListElement\":[{\"@type\":\"ListItem\",\"position\":1,\"name\":\"Home\",\"item\":\"https:\/\/slolux.eu\/\"},{\"@type\":\"ListItem\",\"position\":2,\"name\":\"O nas\"}]},{\"@type\":\"WebSite\",\"@id\":\"https:\/\/slolux.eu\/#website\",\"url\":\"https:\/\/slolux.eu\/\",\"name\":\"Slovensko dru\u0161tvo v Luksemburgu\",\"description\":\"Slovensko dru\u0161tvo v Luksemburgu\",\"publisher\":{\"@id\":\"https:\/\/slolux.eu\/#organization\"},\"potentialAction\":[{\"@type\":\"SearchAction\",\"target\":{\"@type\":\"EntryPoint\",\"urlTemplate\":\"https:\/\/slolux.eu\/?s={search_term_string}\"},\"query-input\":{\"@type\":\"PropertyValueSpecification\",\"valueRequired\":true,\"valueName\":\"search_term_string\"}}],\"inLanguage\":\"hr-HR\"},{\"@type\":\"Organization\",\"@id\":\"https:\/\/slolux.eu\/#organization\",\"name\":\"Slovensko dru\u0161tvo v Luksemburgu\",\"url\":\"https:\/\/slolux.eu\/\",\"logo\":{\"@type\":\"ImageObject\",\"inLanguage\":\"hr-HR\",\"@id\":\"https:\/\/slolux.eu\/#\/schema\/logo\/image\/\",\"url\":\"https:\/\/slolux.eu\/wp-content\/uploads\/2023\/12\/barvnofinal.png\",\"contentUrl\":\"https:\/\/slolux.eu\/wp-content\/uploads\/2023\/12\/barvnofinal.png\",\"width\":2550,\"height\":938,\"caption\":\"Slovensko dru\u0161tvo v Luksemburgu\"},\"image\":{\"@id\":\"https:\/\/slolux.eu\/#\/schema\/logo\/image\/\"}}]}<\/script>\n<!-- \/ Yoast SEO plugin. -->","yoast_head_json":{"title":"O nas - Slolux","robots":{"index":"index","follow":"follow","max-snippet":"max-snippet:-1","max-image-preview":"max-image-preview:large","max-video-preview":"max-video-preview:-1"},"canonical":"https:\/\/slolux.eu\/hr\/aboutus\/","og_locale":"hr_HR","og_type":"article","og_title":"O nas - Slolux","og_description":"Registration data: Social Media: Operational contact: Bank account:","og_url":"https:\/\/slolux.eu\/hr\/aboutus\/","og_site_name":"Slolux","article_modified_time":"2025-03-21T13:03:56+00:00","og_image":[{"width":1280,"height":731,"url":"https:\/\/slolux.eu\/wp-content\/uploads\/2024\/01\/DALL\u00b7E-2024-01-23-19.20.00-Illustrate-an-iconic-scene-of-Luxembourg-featuring-the-famous-Adolphe-Bridge-a-grand-arch-Large.jpeg","type":"image\/jpeg"}],"twitter_card":"summary_large_image","twitter_misc":{"Est. reading time":"1 minute"},"schema":{"@context":"https:\/\/schema.org","@graph":[{"@type":"WebPage","@id":"https:\/\/slolux.eu\/aboutus\/","url":"https:\/\/slolux.eu\/aboutus\/","name":"O nas - Slolux","isPartOf":{"@id":"https:\/\/slolux.eu\/#website"},"datePublished":"2015-06-15T08:41:04+00:00","dateModified":"2025-03-21T13:03:56+00:00","breadcrumb":{"@id":"https:\/\/slolux.eu\/aboutus\/#breadcrumb"},"inLanguage":"hr-HR","potentialAction":[{"@type":"ReadAction","target":["https:\/\/slolux.eu\/aboutus\/"]}]},{"@type":"BreadcrumbList","@id":"https:\/\/slolux.eu\/aboutus\/#breadcrumb","itemListElement":[{"@type":"ListItem","position":1,"name":"Home","item":"https:\/\/slolux.eu\/"},{"@type":"ListItem","position":2,"name":"O nas"}]},{"@type":"WebSite","@id":"https:\/\/slolux.eu\/#website","url":"https:\/\/slolux.eu\/","name":"Slovensko dru\u0161tvo v Luksemburgu","description":"Slovensko dru\u0161tvo v Luksemburgu","publisher":{"@id":"https:\/\/slolux.eu\/#organization"},"potentialAction":[{"@type":"SearchAction","target":{"@type":"EntryPoint","urlTemplate":"https:\/\/slolux.eu\/?s={search_term_string}"},"query-input":{"@type":"PropertyValueSpecification","valueRequired":true,"valueName":"search_term_string"}}],"inLanguage":"hr-HR"},{"@type":"Organization","@id":"https:\/\/slolux.eu\/#organization","name":"Slovensko dru\u0161tvo v Luksemburgu","url":"https:\/\/slolux.eu\/","logo":{"@type":"ImageObject","inLanguage":"hr-HR","@id":"https:\/\/slolux.eu\/#\/schema\/logo\/image\/","url":"https:\/\/slolux.eu\/wp-content\/uploads\/2023\/12\/barvnofinal.png","contentUrl":"https:\/\/slolux.eu\/wp-content\/uploads\/2023\/12\/barvnofinal.png","width":2550,"height":938,"caption":"Slovensko dru\u0161tvo v Luksemburgu"},"image":{"@id":"https:\/\/slolux.eu\/#\/schema\/logo\/image\/"}}]}},"_links":{"self":[{"href":"https:\/\/slolux.eu\/hr\/wp-json\/wp\/v2\/pages\/39","targetHints":{"allow":["GET"]}}],"collection":[{"href":"https:\/\/slolux.eu\/hr\/wp-json\/wp\/v2\/pages"}],"about":[{"href":"https:\/\/slolux.eu\/hr\/wp-json\/wp\/v2\/types\/page"}],"author":[{"embeddable":true,"href":"https:\/\/slolux.eu\/hr\/wp-json\/wp\/v2\/users\/2"}],"replies":[{"embeddable":true,"href":"https:\/\/slolux.eu\/hr\/wp-json\/wp\/v2\/comments?post=39"}],"version-history":[{"count":16,"href":"https:\/\/slolux.eu\/hr\/wp-json\/wp\/v2\/pages\/39\/revisions"}],"predecessor-version":[{"id":6775,"href":"https:\/\/slolux.eu\/hr\/wp-json\/wp\/v2\/pages\/39\/revisions\/6775"}],"wp:attachment":[{"href":"https:\/\/slolux.eu\/hr\/wp-json\/wp\/v2\/media?parent=39"}],"curies":[{"name":"wp","href":"https:\/\/api.w.org\/{rel}","templated":true}]}}