{"id":66,"date":"2015-06-19T21:51:30","date_gmt":"2015-06-19T21:51:30","guid":{"rendered":"https:\/\/old.slolux.eu\/?page_id=66"},"modified":"2025-02-24T12:36:26","modified_gmt":"2025-02-24T11:36:26","slug":"boards","status":"publish","type":"page","link":"https:\/\/slolux.eu\/hr\/boards\/","title":{"rendered":"Upravni odbori i \u010dlanovi"},"content":{"rendered":"<p><strong>AKTUALNE PLO\u010cE<\/strong><\/p>\n<p>Upravni odbor* za <strong>mandati 2025\/28<\/strong>:<\/p>\n<ul>\n<li><strong>Emil Kos, predsjednik<\/strong><\/li>\n<li><strong>Maja \u017du\u017eman Sporgitas, blagajnica<\/strong><\/li>\n<\/ul>\n<p><em>*NB: U sije\u010dnju 2025. sa\u017eetak je promijenjen u skladu sa zakonom od 7. kolovoza 2023. Broj \u010dlanova odbora smanjen je na 2, a mandat je produ\u017een na 3 godine.<\/em><\/p>\n<hr \/>\n<p><strong>ODBORI ISTEKLIH MANDATA<\/strong><\/p>\n<p><span style=\"text-decoration: underline;\">UPRAVNI ODBORI<\/span><\/p>\n<p>Upravni odbor za mandat 2022\/25:<\/p>\n<ul>\n<li>Andrej Fi\u0161ter, predsjednik<\/li>\n<li>Marina Seli\u0161kar, blagajnica<\/li>\n<li>Maja \u017du\u017eman Sporgitas, dopredsjednica<\/li>\n<\/ul>\n<p>Upravni odbor za mandatno razdoblje 2020.\/22.<\/p>\n<ul>\n<li>Andrej Fi\u0161ter, predsjednik<\/li>\n<li>Marina Seli\u0161kar, blagajnica<\/li>\n<li>Maja \u017du\u017eman Sporgitas, dopredsjednica<\/li>\n<\/ul>\n<p>Upravni odbor za mandat 2018\/20:<\/p>\n<ul>\n<li>Emil Kos, predsjednik<\/li>\n<li>Andrej Fister, blagajnik<\/li>\n<li>Marina Seli\u0161kar, dopredsjednica<\/li>\n<\/ul>\n<p>Upravni odbor za mandat 2016\/18:<\/p>\n<ul>\n<li>Emil Kos, predsjednik<\/li>\n<li>Andrej Fister, blagajnik do 15. lipnja 2017.; Marina Seli\u0161kar, blagajnica od 16.6.2017<\/li>\n<li>Silvija \u017dagar, dopredsjednica<\/li>\n<\/ul>\n<p>Upravni odbor za mandat 2015.\/16.<\/p>\n<ul>\n<li>Emil Kos, predsjednik<\/li>\n<li>Andreja Kr\u010d Gr\u010dar, blagajnica<\/li>\n<li>Silvija \u017dagar, dopredsjednica<\/li>\n<\/ul>","protected":false},"excerpt":{"rendered":"<p>TRENUTNI SASTANCI Upravni odbor* za mandat 2025.\/28.: Emil Kos, predsjednik Maja \u017du\u017eman Sporgitas, blagajnica *Napomena: U sije\u010dnju 2025. kompendij je izmijenjen u [...]<\/p>","protected":false},"author":1,"featured_media":5528,"parent":0,"menu_order":0,"comment_status":"closed","ping_status":"open","template":"","meta":{"site-sidebar-layout":"default","site-content-layout":"","ast-site-content-layout":"","site-content-style":"default","site-sidebar-style":"default","ast-global-header-display":"","ast-banner-title-visibility":"","ast-main-header-display":"","ast-hfb-above-header-display":"","ast-hfb-below-header-display":"","ast-hfb-mobile-header-display":"","site-post-title":"","ast-breadcrumbs-content":"","ast-featured-img":"","footer-sml-layout":"","theme-transparent-header-meta":"","adv-header-id-meta":"","stick-header-meta":"","header-above-stick-meta":"","header-main-stick-meta":"","header-below-stick-meta":"","astra-migrate-meta-layouts":"default","ast-page-background-enabled":"default","ast-page-background-meta":{"desktop":{"background-color":"var(--ast-global-color-4)","background-image":"","background-repeat":"repeat","background-position":"center center","background-size":"auto","background-attachment":"scroll","background-type":"","background-media":"","overlay-type":"","overlay-color":"","overlay-opacity":"","overlay-gradient":""},"tablet":{"background-color":"","background-image":"","background-repeat":"repeat","background-position":"center center","background-size":"auto","background-attachment":"scroll","background-type":"","background-media":"","overlay-type":"","overlay-color":"","overlay-opacity":"","overlay-gradient":""},"mobile":{"background-color":"","background-image":"","background-repeat":"repeat","background-position":"center center","background-size":"auto","background-attachment":"scroll","background-type":"","background-media":"","overlay-type":"","overlay-color":"","overlay-opacity":"","overlay-gradient":""}},"ast-content-background-meta":{"desktop":{"background-color":"var(--ast-global-color-5)","background-image":"","background-repeat":"repeat","background-position":"center center","background-size":"auto","background-attachment":"scroll","background-type":"","background-media":"","overlay-type":"","overlay-color":"","overlay-opacity":"","overlay-gradient":""},"tablet":{"background-color":"var(--ast-global-color-5)","background-image":"","background-repeat":"repeat","background-position":"center center","background-size":"auto","background-attachment":"scroll","background-type":"","background-media":"","overlay-type":"","overlay-color":"","overlay-opacity":"","overlay-gradient":""},"mobile":{"background-color":"var(--ast-global-color-5)","background-image":"","background-repeat":"repeat","background-position":"center center","background-size":"auto","background-attachment":"scroll","background-type":"","background-media":"","overlay-type":"","overlay-color":"","overlay-opacity":"","overlay-gradient":""}},"footnotes":""},"class_list":["post-66","page","type-page","status-publish","has-post-thumbnail","hentry"],"yoast_head":"<!-- This site is optimized with the Yoast SEO plugin v24.5 - https:\/\/yoast.com\/wordpress\/plugins\/seo\/ -->\n<title>Upravni odbori in \u010dlani - Slolux<\/title>\n<meta name=\"robots\" content=\"index, follow, max-snippet:-1, max-image-preview:large, max-video-preview:-1\" \/>\n<link rel=\"canonical\" href=\"https:\/\/slolux.eu\/hr\/boards\/\" \/>\n<meta property=\"og:locale\" content=\"hr_HR\" \/>\n<meta property=\"og:type\" content=\"article\" \/>\n<meta property=\"og:title\" content=\"Upravni odbori in \u010dlani - Slolux\" \/>\n<meta property=\"og:description\" content=\"CURRENT BOARDS Management board* for mandate 2025\/28: Emil Kos, president Maja \u017du\u017eman Sporgitas, treasurer *NB: In January 2025, the compendium has been changed in [&hellip;]\" \/>\n<meta property=\"og:url\" content=\"https:\/\/slolux.eu\/hr\/boards\/\" \/>\n<meta property=\"og:site_name\" content=\"Slolux\" \/>\n<meta property=\"article:modified_time\" content=\"2025-02-24T11:36:26+00:00\" \/>\n<meta property=\"og:image\" content=\"https:\/\/slolux.eu\/wp-content\/uploads\/2024\/01\/street-2655614_1920-1-1.webp\" \/>\n\t<meta property=\"og:image:width\" content=\"1801\" \/>\n\t<meta property=\"og:image:height\" content=\"1200\" \/>\n\t<meta property=\"og:image:type\" content=\"image\/webp\" \/>\n<meta name=\"twitter:card\" content=\"summary_large_image\" \/>\n<meta name=\"twitter:label1\" content=\"Est. reading time\" \/>\n\t<meta name=\"twitter:data1\" content=\"1 minute\" \/>\n<script type=\"application\/ld+json\" class=\"yoast-schema-graph\">{\"@context\":\"https:\/\/schema.org\",\"@graph\":[{\"@type\":\"WebPage\",\"@id\":\"https:\/\/slolux.eu\/boards\/\",\"url\":\"https:\/\/slolux.eu\/boards\/\",\"name\":\"Upravni odbori in \u010dlani - Slolux\",\"isPartOf\":{\"@id\":\"https:\/\/slolux.eu\/#website\"},\"primaryImageOfPage\":{\"@id\":\"https:\/\/slolux.eu\/boards\/#primaryimage\"},\"image\":{\"@id\":\"https:\/\/slolux.eu\/boards\/#primaryimage\"},\"thumbnailUrl\":\"https:\/\/slolux.eu\/wp-content\/uploads\/2024\/01\/street-2655614_1920-1-1.webp\",\"datePublished\":\"2015-06-19T21:51:30+00:00\",\"dateModified\":\"2025-02-24T11:36:26+00:00\",\"breadcrumb\":{\"@id\":\"https:\/\/slolux.eu\/boards\/#breadcrumb\"},\"inLanguage\":\"hr-HR\",\"potentialAction\":[{\"@type\":\"ReadAction\",\"target\":[\"https:\/\/slolux.eu\/boards\/\"]}]},{\"@type\":\"ImageObject\",\"inLanguage\":\"hr-HR\",\"@id\":\"https:\/\/slolux.eu\/boards\/#primaryimage\",\"url\":\"https:\/\/slolux.eu\/wp-content\/uploads\/2024\/01\/street-2655614_1920-1-1.webp\",\"contentUrl\":\"https:\/\/slolux.eu\/wp-content\/uploads\/2024\/01\/street-2655614_1920-1-1.webp\",\"width\":1801,\"height\":1200},{\"@type\":\"BreadcrumbList\",\"@id\":\"https:\/\/slolux.eu\/boards\/#breadcrumb\",\"itemListElement\":[{\"@type\":\"ListItem\",\"position\":1,\"name\":\"Home\",\"item\":\"https:\/\/slolux.eu\/\"},{\"@type\":\"ListItem\",\"position\":2,\"name\":\"Upravni odbori in \u010dlani\"}]},{\"@type\":\"WebSite\",\"@id\":\"https:\/\/slolux.eu\/#website\",\"url\":\"https:\/\/slolux.eu\/\",\"name\":\"Slovensko dru\u0161tvo v Luksemburgu\",\"description\":\"Slovensko dru\u0161tvo v Luksemburgu\",\"publisher\":{\"@id\":\"https:\/\/slolux.eu\/#organization\"},\"potentialAction\":[{\"@type\":\"SearchAction\",\"target\":{\"@type\":\"EntryPoint\",\"urlTemplate\":\"https:\/\/slolux.eu\/?s={search_term_string}\"},\"query-input\":{\"@type\":\"PropertyValueSpecification\",\"valueRequired\":true,\"valueName\":\"search_term_string\"}}],\"inLanguage\":\"hr-HR\"},{\"@type\":\"Organization\",\"@id\":\"https:\/\/slolux.eu\/#organization\",\"name\":\"Slovensko dru\u0161tvo v Luksemburgu\",\"url\":\"https:\/\/slolux.eu\/\",\"logo\":{\"@type\":\"ImageObject\",\"inLanguage\":\"hr-HR\",\"@id\":\"https:\/\/slolux.eu\/#\/schema\/logo\/image\/\",\"url\":\"https:\/\/slolux.eu\/wp-content\/uploads\/2023\/12\/barvnofinal.png\",\"contentUrl\":\"https:\/\/slolux.eu\/wp-content\/uploads\/2023\/12\/barvnofinal.png\",\"width\":2550,\"height\":938,\"caption\":\"Slovensko dru\u0161tvo v Luksemburgu\"},\"image\":{\"@id\":\"https:\/\/slolux.eu\/#\/schema\/logo\/image\/\"}}]}<\/script>\n<!-- \/ Yoast SEO plugin. -->","yoast_head_json":{"title":"Upravni odbori in \u010dlani - Slolux","robots":{"index":"index","follow":"follow","max-snippet":"max-snippet:-1","max-image-preview":"max-image-preview:large","max-video-preview":"max-video-preview:-1"},"canonical":"https:\/\/slolux.eu\/hr\/boards\/","og_locale":"hr_HR","og_type":"article","og_title":"Upravni odbori in \u010dlani - Slolux","og_description":"CURRENT BOARDS Management board* for mandate 2025\/28: Emil Kos, president Maja \u017du\u017eman Sporgitas, treasurer *NB: In January 2025, the compendium has been changed in [&hellip;]","og_url":"https:\/\/slolux.eu\/hr\/boards\/","og_site_name":"Slolux","article_modified_time":"2025-02-24T11:36:26+00:00","og_image":[{"width":1801,"height":1200,"url":"https:\/\/slolux.eu\/wp-content\/uploads\/2024\/01\/street-2655614_1920-1-1.webp","type":"image\/webp"}],"twitter_card":"summary_large_image","twitter_misc":{"Est. reading time":"1 minute"},"schema":{"@context":"https:\/\/schema.org","@graph":[{"@type":"WebPage","@id":"https:\/\/slolux.eu\/boards\/","url":"https:\/\/slolux.eu\/boards\/","name":"Upravni odbori in \u010dlani - Slolux","isPartOf":{"@id":"https:\/\/slolux.eu\/#website"},"primaryImageOfPage":{"@id":"https:\/\/slolux.eu\/boards\/#primaryimage"},"image":{"@id":"https:\/\/slolux.eu\/boards\/#primaryimage"},"thumbnailUrl":"https:\/\/slolux.eu\/wp-content\/uploads\/2024\/01\/street-2655614_1920-1-1.webp","datePublished":"2015-06-19T21:51:30+00:00","dateModified":"2025-02-24T11:36:26+00:00","breadcrumb":{"@id":"https:\/\/slolux.eu\/boards\/#breadcrumb"},"inLanguage":"hr-HR","potentialAction":[{"@type":"ReadAction","target":["https:\/\/slolux.eu\/boards\/"]}]},{"@type":"ImageObject","inLanguage":"hr-HR","@id":"https:\/\/slolux.eu\/boards\/#primaryimage","url":"https:\/\/slolux.eu\/wp-content\/uploads\/2024\/01\/street-2655614_1920-1-1.webp","contentUrl":"https:\/\/slolux.eu\/wp-content\/uploads\/2024\/01\/street-2655614_1920-1-1.webp","width":1801,"height":1200},{"@type":"BreadcrumbList","@id":"https:\/\/slolux.eu\/boards\/#breadcrumb","itemListElement":[{"@type":"ListItem","position":1,"name":"Home","item":"https:\/\/slolux.eu\/"},{"@type":"ListItem","position":2,"name":"Upravni odbori in \u010dlani"}]},{"@type":"WebSite","@id":"https:\/\/slolux.eu\/#website","url":"https:\/\/slolux.eu\/","name":"Slovensko dru\u0161tvo v Luksemburgu","description":"Slovensko dru\u0161tvo v Luksemburgu","publisher":{"@id":"https:\/\/slolux.eu\/#organization"},"potentialAction":[{"@type":"SearchAction","target":{"@type":"EntryPoint","urlTemplate":"https:\/\/slolux.eu\/?s={search_term_string}"},"query-input":{"@type":"PropertyValueSpecification","valueRequired":true,"valueName":"search_term_string"}}],"inLanguage":"hr-HR"},{"@type":"Organization","@id":"https:\/\/slolux.eu\/#organization","name":"Slovensko dru\u0161tvo v Luksemburgu","url":"https:\/\/slolux.eu\/","logo":{"@type":"ImageObject","inLanguage":"hr-HR","@id":"https:\/\/slolux.eu\/#\/schema\/logo\/image\/","url":"https:\/\/slolux.eu\/wp-content\/uploads\/2023\/12\/barvnofinal.png","contentUrl":"https:\/\/slolux.eu\/wp-content\/uploads\/2023\/12\/barvnofinal.png","width":2550,"height":938,"caption":"Slovensko dru\u0161tvo v Luksemburgu"},"image":{"@id":"https:\/\/slolux.eu\/#\/schema\/logo\/image\/"}}]}},"_links":{"self":[{"href":"https:\/\/slolux.eu\/hr\/wp-json\/wp\/v2\/pages\/66","targetHints":{"allow":["GET"]}}],"collection":[{"href":"https:\/\/slolux.eu\/hr\/wp-json\/wp\/v2\/pages"}],"about":[{"href":"https:\/\/slolux.eu\/hr\/wp-json\/wp\/v2\/types\/page"}],"author":[{"embeddable":true,"href":"https:\/\/slolux.eu\/hr\/wp-json\/wp\/v2\/users\/1"}],"replies":[{"embeddable":true,"href":"https:\/\/slolux.eu\/hr\/wp-json\/wp\/v2\/comments?post=66"}],"version-history":[{"count":18,"href":"https:\/\/slolux.eu\/hr\/wp-json\/wp\/v2\/pages\/66\/revisions"}],"predecessor-version":[{"id":6716,"href":"https:\/\/slolux.eu\/hr\/wp-json\/wp\/v2\/pages\/66\/revisions\/6716"}],"wp:featuredmedia":[{"embeddable":true,"href":"https:\/\/slolux.eu\/hr\/wp-json\/wp\/v2\/media\/5528"}],"wp:attachment":[{"href":"https:\/\/slolux.eu\/hr\/wp-json\/wp\/v2\/media?parent=66"}],"curies":[{"name":"wp","href":"https:\/\/api.w.org\/{rel}","templated":true}]}}